{"id":335,"date":"2024-10-16T17:09:14","date_gmt":"2024-10-16T17:09:14","guid":{"rendered":"https:\/\/nzplast.com\/?page_id=335"},"modified":"2024-11-01T19:11:50","modified_gmt":"2024-11-01T16:11:50","slug":"ambalaj-cozumleri","status":"publish","type":"page","link":"https:\/\/nzplast.com\/en\/packaging-solutions\/","title":{"rendered":"Packaging Solutions"},"content":{"rendered":"<p>NZ PLASTIK serves as a distributor of plastic packaging products for the global market. Our products are manufactured under advanced technology and hygienic conditions. We aim to meet your business needs with a wide range of high-quality products. We are committed to providing access to the best products at competitive prices. Our products are designed to meet the highest quality standards and are made from environmentally friendly materials. With a focus on customer satisfaction, we continue to provide excellent service and invest in production quality.<\/p>","protected":false},"excerpt":{"rendered":"<p>NZ PLAST\u0130K, global pazara y\u00f6nelik plastik ambalaj \u00fcr\u00fcnleri distrib\u00fct\u00f6rl\u00fc\u011f\u00fc yapmaktad\u0131r.\u00dcr\u00fcnlerimiz, ileri teknoloji ve hijyenik ko\u015fullar alt\u0131nda \u00fcretilmektedir. NZ Plastik olarak, geni\u015f ve y\u00fcksek kaliteli bir \u00fcr\u00fcn yelpazesi sunarak, i\u015fletmenizin ihtiya\u00e7lar\u0131n\u0131 en iyi \u015fekilde kar\u015f\u0131lamay\u0131 hedefliyoruz. Rekabet\u00e7i fiyatlarla en iyi \u00fcr\u00fcnlere eri\u015fim sa\u011flama konusunda kararl\u0131y\u0131z. \u00dcr\u00fcnlerimiz, en y\u00fcksek kalite standartlar\u0131n\u0131 kar\u015f\u0131lamak \u00fczere tasarlanm\u0131\u015f olup, \u00e7evre dostu [&hellip;]<\/p>","protected":false},"author":1,"featured_media":0,"parent":0,"menu_order":1,"comment_status":"closed","ping_status":"closed","template":"","meta":{"_acf_changed":false,"footnotes":""},"class_list":["post-335","page","type-page","status-publish","hentry"],"acf":[],"_links":{"self":[{"href":"https:\/\/nzplast.com\/en\/wp-json\/wp\/v2\/pages\/335"}],"collection":[{"href":"https:\/\/nzplast.com\/en\/wp-json\/wp\/v2\/pages"}],"about":[{"href":"https:\/\/nzplast.com\/en\/wp-json\/wp\/v2\/types\/page"}],"author":[{"embeddable":true,"href":"https:\/\/nzplast.com\/en\/wp-json\/wp\/v2\/users\/1"}],"replies":[{"embeddable":true,"href":"https:\/\/nzplast.com\/en\/wp-json\/wp\/v2\/comments?post=335"}],"version-history":[{"count":3,"href":"https:\/\/nzplast.com\/en\/wp-json\/wp\/v2\/pages\/335\/revisions"}],"predecessor-version":[{"id":417,"href":"https:\/\/nzplast.com\/en\/wp-json\/wp\/v2\/pages\/335\/revisions\/417"}],"wp:attachment":[{"href":"https:\/\/nzplast.com\/en\/wp-json\/wp\/v2\/media?parent=335"}],"curies":[{"name":"wp","href":"https:\/\/api.w.org\/{rel}","templated":true}]}}